{"id":23,"date":"2015-05-23T17:40:03","date_gmt":"2015-05-23T15:40:03","guid":{"rendered":"http:\/\/www.freizeitchor-wildberg.de\/?page_id=23"},"modified":"2015-07-31T23:16:19","modified_gmt":"2015-07-31T21:16:19","slug":"repertoire","status":"publish","type":"page","link":"https:\/\/www.freizeitchor-wildberg.de\/?page_id=23","title":{"rendered":"Repertoire"},"content":{"rendered":"<p>Das Repertoire des Chores ist sehr breit gef\u00e4chert.<\/p>\n<p>Es umfasst in der Zwischenzeit u.a. Werke von<\/p>\n<ul>\n<li>F. Mendelssohn-Bartholdy<\/li>\n<li>J. S. Bach<\/li>\n<li>G. F. H\u00e4ndel<\/li>\n<li>J. Haydn<\/li>\n<li>J. Brahms<\/li>\n<li>W. A. Mozart<\/li>\n<li>L. van Beethoven<\/li>\n<li>C. Saint Saens<\/li>\n<li>G. Faur\u00e9<\/li>\n<li>C. Franck<\/li>\n<li>S. Rachmaninov<\/li>\n<\/ul>\n<p>sowie zeitgen\u00f6ssische Lieder, Spirituals, sowie Motetten, Kantaten und Oratorien u. a. von M. Leuchtmann, S. Fietz, K. Heizmann, J. F. Wilson, M. Kuhn, M. Wolf, J. Rutter und anderen.<\/p>\n<p>Im Laufe der Jahre haben Michael Kuhn und Horst Welsch f\u00fcr den Freizeitchor Wildberg immer wieder auch eigene Kompositionen auf den Weg gebracht.<\/p>\n<p>W\u00e4hrend Horst Welsch den Text verfasst\/zusammengestellt hat, hat Michael Kuhn die Musik dazu geschrieben. Au\u00dferdem hat Michael Kuhn viele Arrangements passend f\u00fcr unser Orchester eingerichtet.<\/p>\n<p>Hier einige Beispiele:<\/p>\n<ul>\n<li>Oratorium \u201eGott unsere Zuflucht und Burg\u201c, M. Kuhn\/H. Welsch<\/li>\n<li>Kantate \u201eAlle Lande singet, jauchzet\u201c, M. Kuhn\/H. Welsch<\/li>\n<li>Weihnachtskantate \u201eKomm und sieh\u201c, J. F. Wilson\/H. Welsch\/M. Kuhn<\/li>\n<li>Psalmkantate \u201eDu, Herr, bist mein Hirte\u201c, M. Kuhn\/H. Welsch<\/li>\n<\/ul>\n<p>Bei Interesse an dem Notenmaterial f\u00fcr eine eigene Auff\u00fchrung k\u00f6nnen Sie die Verfasser gerne ansprechen.<\/p>\n<p>Hier sind einige <span style=\"color: #3366ff;\"><a style=\"color: #3366ff;\" href=\"http:\/\/www.freizeitchor-wildberg.de\/?page_id=26\"><strong>H\u00f6rbeispiele des Freizeitchors Wildberg<\/strong><\/a><\/span> zusammengestellt.<\/p>\n<p>&nbsp;<\/p>\n","protected":false},"excerpt":{"rendered":"<p>Das Repertoire des Chores ist sehr breit gef\u00e4chert. Es umfasst in der Zwischenzeit u.a. Werke von F. Mendelssohn-Bartholdy J. S. Bach G. F. H\u00e4ndel J. Haydn J. Brahms W. A. Mozart L. van Beethoven C. Saint Saens G. Faur\u00e9 C. Franck S. Rachmaninov sowie zeitgen\u00f6ssische Lieder, Spirituals, sowie Motetten, Kantaten und Oratorien u. a. von &hellip; <a href=\"https:\/\/www.freizeitchor-wildberg.de\/?page_id=23\" class=\"more-link\"><span class=\"screen-reader-text\">Repertoire<\/span> weiterlesen <span class=\"meta-nav\">&rarr;<\/span><\/a><\/p>\n","protected":false},"author":1,"featured_media":0,"parent":0,"menu_order":0,"comment_status":"closed","ping_status":"closed","template":"","meta":{"footnotes":""},"class_list":["post-23","page","type-page","status-publish","hentry"],"_links":{"self":[{"href":"https:\/\/www.freizeitchor-wildberg.de\/index.php?rest_route=\/wp\/v2\/pages\/23","targetHints":{"allow":["GET"]}}],"collection":[{"href":"https:\/\/www.freizeitchor-wildberg.de\/index.php?rest_route=\/wp\/v2\/pages"}],"about":[{"href":"https:\/\/www.freizeitchor-wildberg.de\/index.php?rest_route=\/wp\/v2\/types\/page"}],"author":[{"embeddable":true,"href":"https:\/\/www.freizeitchor-wildberg.de\/index.php?rest_route=\/wp\/v2\/users\/1"}],"replies":[{"embeddable":true,"href":"https:\/\/www.freizeitchor-wildberg.de\/index.php?rest_route=%2Fwp%2Fv2%2Fcomments&post=23"}],"version-history":[{"count":9,"href":"https:\/\/www.freizeitchor-wildberg.de\/index.php?rest_route=\/wp\/v2\/pages\/23\/revisions"}],"predecessor-version":[{"id":604,"href":"https:\/\/www.freizeitchor-wildberg.de\/index.php?rest_route=\/wp\/v2\/pages\/23\/revisions\/604"}],"wp:attachment":[{"href":"https:\/\/www.freizeitchor-wildberg.de\/index.php?rest_route=%2Fwp%2Fv2%2Fmedia&parent=23"}],"curies":[{"name":"wp","href":"https:\/\/api.w.org\/{rel}","templated":true}]}}